{"id":21,"date":"2023-12-26T10:38:02","date_gmt":"2023-12-26T10:38:02","guid":{"rendered":"https:\/\/vi-code.net\/?page_id=21"},"modified":"2024-09-17T09:27:01","modified_gmt":"2024-09-17T09:27:01","slug":"home","status":"publish","type":"page","link":"https:\/\/vi-code.net\/bs\/","title":{"rendered":"Po\u010detna"},"content":{"rendered":"<div class=\"wp-block-cover alignfull is-light\" style=\"min-height:720px;aspect-ratio:unset;\"><span aria-hidden=\"true\" class=\"wp-block-cover__background has-vivid-cyan-blue-background-color has-background-dim\"><\/span><img fetchpriority=\"high\" decoding=\"async\" width=\"2560\" height=\"1440\" class=\"wp-block-cover__image-background wp-image-37\" alt=\"\" src=\"https:\/\/vi-code.net\/wp-content\/uploads\/2023\/12\/Abstract-Blue-Gradient-Transparent-Layer-AI-Generated-4K-Wallpaper-scaled.jpg\" data-object-fit=\"cover\" srcset=\"https:\/\/vi-code.net\/wp-content\/uploads\/2023\/12\/Abstract-Blue-Gradient-Transparent-Layer-AI-Generated-4K-Wallpaper-scaled.jpg 2560w, https:\/\/vi-code.net\/wp-content\/uploads\/2023\/12\/Abstract-Blue-Gradient-Transparent-Layer-AI-Generated-4K-Wallpaper-300x169.jpg 300w, https:\/\/vi-code.net\/wp-content\/uploads\/2023\/12\/Abstract-Blue-Gradient-Transparent-Layer-AI-Generated-4K-Wallpaper-1024x576.jpg 1024w, https:\/\/vi-code.net\/wp-content\/uploads\/2023\/12\/Abstract-Blue-Gradient-Transparent-Layer-AI-Generated-4K-Wallpaper-768x432.jpg 768w, https:\/\/vi-code.net\/wp-content\/uploads\/2023\/12\/Abstract-Blue-Gradient-Transparent-Layer-AI-Generated-4K-Wallpaper-1536x864.jpg 1536w, https:\/\/vi-code.net\/wp-content\/uploads\/2023\/12\/Abstract-Blue-Gradient-Transparent-Layer-AI-Generated-4K-Wallpaper-2048x1152.jpg 2048w\" sizes=\"(max-width: 2560px) 100vw, 2560px\" \/><div class=\"wp-block-cover__inner-container is-layout-flow wp-block-cover-is-layout-flow\">\n<div class=\"inherit-container-width wp-block-group alignwide is-layout-constrained wp-block-group-is-layout-constrained\">\n<div class=\"wp-block-media-text alignwide has-media-on-the-right is-stacked-on-mobile is-vertically-aligned-center\" style=\"grid-template-columns:auto 43%\"><div class=\"wp-block-media-text__content\">\n<h2 class=\"wp-block-heading has-text-align-left has-white-color has-text-color\">Otvorite mogu\u0107nosti s VI-CODE<\/h2>\n\n\n\n<h3 class=\"wp-block-heading\">Vode\u0107a softverska rje\u0161enja i usluge bez premca za digitalno sutra!<\/h3>\n\n\n\n<div class=\"wp-block-buttons is-layout-flex wp-block-buttons-is-layout-flex\">\n<div class=\"wp-block-button is-style-fill\"><a class=\"wp-block-button__link has-white-color has-luminous-vivid-amber-background-color has-text-color has-background has-link-color wp-element-button\" href=\"#contact\">Pove\u017eimo se<\/a><\/div>\n<\/div>\n<\/div><figure class=\"wp-block-media-text__media\"><img decoding=\"async\" src=\"https:\/\/vi-code.net\/wp-content\/themes\/astra\/inc\/assets\/images\/starter-content\/hero-img.svg\" alt=\"\" class=\"wp-image-118 size-full\"\/><\/figure><\/div>\n<\/div>\n<\/div><\/div>\n\n\n\n<div class=\"wp-block-columns alignfull are-vertically-aligned-center is-layout-flex wp-container-core-columns-is-layout-28f84493 wp-block-columns-is-layout-flex\">\n<div class=\"wp-block-column is-vertically-aligned-center is-layout-flow wp-block-column-is-layout-flow\" style=\"flex-basis:100%\">\n<div id=\"course\" class=\"wp-block-group has-luminous-vivid-orange-to-vivid-red-gradient-background has-background is-layout-constrained wp-container-core-group-is-layout-cfcca693 wp-block-group-is-layout-constrained\" style=\"padding-top:104px;padding-bottom:104px\">\n<h2 class=\"wp-block-heading alignfull has-text-align-center has-text-color\" style=\"color:#ffffff\">ARDUINO STEP-BY-STEP KURS<\/h2>\n\n\n\n<div class=\"wp-block-buttons alignwide is-horizontal is-content-justification-center is-layout-flex wp-container-core-buttons-is-layout-bba8380a wp-block-buttons-is-layout-flex\" style=\"margin-top:50px\">\n<div class=\"wp-block-button has-custom-width wp-block-button__width-50 has-custom-font-size\" style=\"font-size:22px\"><a class=\"wp-block-button__link has-white-color has-luminous-vivid-amber-background-color has-text-color has-background has-link-color wp-element-button\" href=\"https:\/\/vi-code.net\/bs\/arduino-step-by-step-course\/\">Saznajte vi\u0161e<\/a><\/div>\n<\/div>\n<\/div>\n<\/div>\n<\/div>\n\n\n\n<div class=\"wp-block-group alignfull has-ast-global-color-5-background-color has-background is-layout-constrained wp-container-core-group-is-layout-9cedb757 wp-block-group-is-layout-constrained\" id=\"services\" style=\"padding-bottom:0px\">\n<div class=\"wp-block-columns are-vertically-aligned-top is-layout-flex wp-container-core-columns-is-layout-00723822 wp-block-columns-is-layout-flex\">\n<div class=\"wp-block-column is-vertically-aligned-top is-layout-flow wp-container-core-column-is-layout-6b73ce23 wp-block-column-is-layout-flow\">\n<figure class=\"wp-block-image size-full\"><a href=\"https:\/\/vi-code.net\/bs\/software-testing\/\"><img decoding=\"async\" width=\"512\" height=\"512\" src=\"https:\/\/vi-code.net\/wp-content\/uploads\/2023\/12\/8575873.png\" alt=\"\" class=\"wp-image-61\" srcset=\"https:\/\/vi-code.net\/wp-content\/uploads\/2023\/12\/8575873.png 512w, https:\/\/vi-code.net\/wp-content\/uploads\/2023\/12\/8575873-300x300.png 300w, https:\/\/vi-code.net\/wp-content\/uploads\/2023\/12\/8575873-150x150.png 150w\" sizes=\"(max-width: 512px) 100vw, 512px\" \/><\/a><\/figure>\n\n\n\n<h3 class=\"wp-block-heading has-text-align-left\" style=\"margin-top:16px\">Testiranje softvera<\/h3>\n\n\n\n<p class=\"has-text-align-left\">Pobolj\u0161ajte izvedbu svog softvera s na\u0161im vrhunskim uslugama testiranja softvera!<\/p>\n<\/div>\n\n\n\n<div class=\"wp-block-column is-vertically-aligned-top is-layout-flow wp-container-core-column-is-layout-6b73ce23 wp-block-column-is-layout-flow\">\n<figure class=\"wp-block-image size-full\"><a href=\"https:\/\/vi-code.net\/bs\/software-development\/\"><img decoding=\"async\" width=\"512\" height=\"512\" src=\"https:\/\/vi-code.net\/wp-content\/uploads\/2023\/12\/8759087-1.png\" alt=\"\" class=\"wp-image-65\" srcset=\"https:\/\/vi-code.net\/wp-content\/uploads\/2023\/12\/8759087-1.png 512w, https:\/\/vi-code.net\/wp-content\/uploads\/2023\/12\/8759087-1-300x300.png 300w, https:\/\/vi-code.net\/wp-content\/uploads\/2023\/12\/8759087-1-150x150.png 150w\" sizes=\"(max-width: 512px) 100vw, 512px\" \/><\/a><\/figure>\n\n\n\n<h3 class=\"wp-block-heading has-text-align-left\" style=\"margin-top:16px\">Razvoj softvera<\/h3>\n\n\n\n<p class=\"has-text-align-left\">Izrada sutra\u0161njih rje\u0161enja danas: Osloba\u0111anje snage inovativnih usluga razvoja softvera u na\u0161oj kompaniji!<\/p>\n<\/div>\n\n\n\n<div class=\"wp-block-column is-vertically-aligned-top is-layout-flow wp-container-core-column-is-layout-6b73ce23 wp-block-column-is-layout-flow\">\n<figure class=\"wp-block-image size-full\"><a href=\"https:\/\/vi-code.net\/bs\/desk-rental\/\"><img loading=\"lazy\" decoding=\"async\" width=\"512\" height=\"512\" src=\"https:\/\/vi-code.net\/wp-content\/uploads\/2023\/12\/1920091.png\" alt=\"\" class=\"wp-image-66\" srcset=\"https:\/\/vi-code.net\/wp-content\/uploads\/2023\/12\/1920091.png 512w, https:\/\/vi-code.net\/wp-content\/uploads\/2023\/12\/1920091-300x300.png 300w, https:\/\/vi-code.net\/wp-content\/uploads\/2023\/12\/1920091-150x150.png 150w\" sizes=\"(max-width: 512px) 100vw, 512px\" \/><\/a><\/figure>\n\n\n\n<h3 class=\"wp-block-heading has-text-align-left\" style=\"margin-top:16px\">Najam radnog prostora<\/h3>\n\n\n\n<p class=\"has-text-align-left\">Pove\u0107ajte svoju produktivnost: Otkrijte opcije najma radnog prostora prilago\u0111ene upravo vama!<\/p>\n<\/div>\n\n\n\n<div class=\"wp-block-column is-vertically-aligned-top is-layout-flow wp-container-core-column-is-layout-6b73ce23 wp-block-column-is-layout-flow\">\n<figure class=\"wp-block-image size-full\"><a href=\"https:\/\/vi-code.net\/bs\/courses\/\"><img loading=\"lazy\" decoding=\"async\" width=\"512\" height=\"512\" src=\"https:\/\/vi-code.net\/wp-content\/uploads\/2023\/12\/6681138.png\" alt=\"\" class=\"wp-image-62\" srcset=\"https:\/\/vi-code.net\/wp-content\/uploads\/2023\/12\/6681138.png 512w, https:\/\/vi-code.net\/wp-content\/uploads\/2023\/12\/6681138-300x300.png 300w, https:\/\/vi-code.net\/wp-content\/uploads\/2023\/12\/6681138-150x150.png 150w\" sizes=\"(max-width: 512px) 100vw, 512px\" \/><\/a><\/figure>\n\n\n\n<h3 class=\"wp-block-heading has-text-align-left\" style=\"margin-top:16px\">Kursevi<\/h3>\n\n\n\n<p class=\"has-text-align-left\">Istra\u017eite na\u0161u raznoliku paletu kurseva vo\u0111enih stru\u010dnjacima za osobni i profesionalni rast!<\/p>\n<\/div>\n<\/div>\n<\/div>\n\n\n\n<div class=\"wp-block-group alignfull uag-hide-desktop uag-hide-tab uag-hide-mob is-layout-constrained wp-container-core-group-is-layout-45b0ac4f wp-block-group-is-layout-constrained\" id=\"services1\" style=\"padding-top:144px;padding-bottom:0px\">\n<h2 class=\"wp-block-heading\">Our Services<\/h2>\n\n\n\n<div class=\"wp-block-columns is-layout-flex wp-container-core-columns-is-layout-60cbf9bb wp-block-columns-is-layout-flex\" style=\"margin-top:50px\">\n<div class=\"wp-block-column is-layout-flow wp-container-core-column-is-layout-6b73ce23 wp-block-column-is-layout-flow\">\n<figure class=\"wp-block-image aligncenter size-full is-resized\"><img loading=\"lazy\" decoding=\"async\" width=\"450\" height=\"450\" src=\"https:\/\/vi-code.net\/wp-content\/uploads\/2023\/12\/6964020.webp\" alt=\"\" class=\"wp-image-53\" style=\"width:375px\" srcset=\"https:\/\/vi-code.net\/wp-content\/uploads\/2023\/12\/6964020.webp 450w, https:\/\/vi-code.net\/wp-content\/uploads\/2023\/12\/6964020-300x300.webp 300w, https:\/\/vi-code.net\/wp-content\/uploads\/2023\/12\/6964020-150x150.webp 150w\" sizes=\"(max-width: 450px) 100vw, 450px\" \/><\/figure>\n\n\n\n<h3 class=\"wp-block-heading\" style=\"margin-top:16px\">Testiranje softvera<\/h3>\n\n\n\n<p>Sem quis erat nibh id neque tincidunt molestie convallis ut nibh vel, lorem consequat ullamcorper.<\/p>\n<\/div>\n\n\n\n<div class=\"wp-block-column is-layout-flow wp-container-core-column-is-layout-6b73ce23 wp-block-column-is-layout-flow\">\n<figure class=\"wp-block-image aligncenter size-full is-resized\"><img loading=\"lazy\" decoding=\"async\" width=\"450\" height=\"450\" src=\"https:\/\/vi-code.net\/wp-content\/uploads\/2023\/12\/7757241.webp\" alt=\"\" class=\"wp-image-55\" style=\"width:359px;height:auto\" srcset=\"https:\/\/vi-code.net\/wp-content\/uploads\/2023\/12\/7757241.webp 450w, https:\/\/vi-code.net\/wp-content\/uploads\/2023\/12\/7757241-300x300.webp 300w, https:\/\/vi-code.net\/wp-content\/uploads\/2023\/12\/7757241-150x150.webp 150w\" sizes=\"(max-width: 450px) 100vw, 450px\" \/><\/figure>\n\n\n\n<h3 class=\"wp-block-heading\" style=\"margin-top:16px\">Razvoj softvera<\/h3>\n\n\n\n<p>Sem quis erat nibh id neque tincidunt molestie convallis ut nibh vel, lorem consequat ullamcorper.<\/p>\n<\/div>\n\n\n\n<div class=\"wp-block-column is-layout-flow wp-container-core-column-is-layout-6b73ce23 wp-block-column-is-layout-flow\">\n<figure class=\"wp-block-image aligncenter size-full is-resized\"><img loading=\"lazy\" decoding=\"async\" width=\"450\" height=\"450\" src=\"https:\/\/vi-code.net\/wp-content\/uploads\/2023\/12\/study-desk-4147310-3436388@0.png\" alt=\"\" class=\"wp-image-56\" style=\"width:375px;height:auto\" srcset=\"https:\/\/vi-code.net\/wp-content\/uploads\/2023\/12\/study-desk-4147310-3436388@0.png 450w, https:\/\/vi-code.net\/wp-content\/uploads\/2023\/12\/study-desk-4147310-3436388@0-300x300.png 300w, https:\/\/vi-code.net\/wp-content\/uploads\/2023\/12\/study-desk-4147310-3436388@0-150x150.png 150w\" sizes=\"(max-width: 450px) 100vw, 450px\" \/><\/figure>\n\n\n\n<h3 class=\"wp-block-heading\" style=\"margin-top:16px\">Najam radnog prostora<\/h3>\n\n\n\n<p>Sem quis erat nibh id neque tincidunt molestie convallis ut nibh vel, lorem consequat ullamcorper.<\/p>\n<\/div>\n<\/div>\n<\/div>\n\n\n\n<div class=\"wp-block-group alignfull has-ast-global-color-5-background-color has-background is-layout-constrained wp-container-core-group-is-layout-94d206d0 wp-block-group-is-layout-constrained\" id=\"about\" style=\"padding-top:143px;padding-bottom:144px\">\n<div class=\"wp-block-media-text has-media-on-the-right is-stacked-on-mobile is-vertically-aligned-center\"><div class=\"wp-block-media-text__content\">\n<div class=\"inherit-container-width wp-block-group is-layout-constrained wp-container-core-group-is-layout-47ce07ec wp-block-group-is-layout-constrained\" style=\"padding-right:80px\">\n<h2 class=\"wp-block-heading\" style=\"padding-right:40px\">\u0160TA RADIMO?<\/h2>\n\n\n\n<p>Omogu\u0107avamo kompanijama fleksibilnost za unapre\u0111enje kapaciteta svog softverskog in\u017eenjeringa. Na\u0161 razvoj u Visokom pru\u017ea jedinstvenu kombinaciju opcija Onshore (na kopnu) i Nearshore (u blizini obale).<\/p>\n\n\n\n<p>Tako\u0111er, pru\u017eamo razvoj proizvoda i softversko in\u017eenjerstvo kako bismo pomogli na\u0161im klijentima da iskoriste svoje znanje i podatke. Na\u0161 fokus je na isporuci softvera najnovije tehnologije na cijelom spektru, podr\u017ean na\u0161im agilnim pristupom koji nudi ubrzanu putanju do tr\u017ei\u0161ta. Sve to rezultira pru\u017eanjem posebnog korisni\u010dkog iskustva temeljenog na svim pristupima partnerstva i zajedni\u010dkim ciljevima.<\/p>\n<\/div>\n<\/div><figure class=\"wp-block-media-text__media\"><img decoding=\"async\" src=\"https:\/\/vi-code.net\/wp-content\/themes\/astra\/inc\/assets\/images\/starter-content\/about-us.jpg\" alt=\"\" class=\"wp-image-237 size-full\"\/><\/figure><\/div>\n<\/div>\n\n\n\n<div class=\"wp-block-group alignfull has-ast-global-color-4-background-color has-background is-layout-constrained wp-container-core-group-is-layout-6a2cfb7b wp-block-group-is-layout-constrained\" id=\"reviews\">\n<figure class=\"wp-block-image aligncenter size-full is-resized is-style-rounded\"><img loading=\"lazy\" decoding=\"async\" width=\"194\" height=\"194\" src=\"https:\/\/vi-code.net\/wp-content\/uploads\/2023\/12\/images.jpeg\" alt=\"\" class=\"wp-image-60\" style=\"width:145px\" srcset=\"https:\/\/vi-code.net\/wp-content\/uploads\/2023\/12\/images.jpeg 194w, https:\/\/vi-code.net\/wp-content\/uploads\/2023\/12\/images-150x150.jpeg 150w\" sizes=\"(max-width: 194px) 100vw, 194px\" \/><\/figure>\n\n\n\n<p><\/p>\n\n\n\n<p class=\"has-text-align-center\" style=\"font-size:22px;line-height:1.6\">\"Kvalitet je na\u0161a strast, na\u0161 na\u010din \u017eivota. U svemu \u0161to poduzmemo, na\u0161a posve\u0107enost je nepokolebljiva da pru\u017eimo izvrsnost. Zajedno sa na\u0161im klijentima podi\u017eemo standarde, osiguravaju\u0107i da samo najkvalitetniji proizvodi do\u0111u do kupaca.\"<\/p>\n\n\n\n<p class=\"has-text-align-center\"><strong>Enis Zeherovi\u0107<\/strong><\/p>\n<\/div>\n\n\n\n<div class=\"wp-block-group alignfull is-layout-constrained wp-container-core-group-is-layout-3fee123f wp-block-group-is-layout-constrained\" id=\"whyus\" style=\"padding-top:144px;padding-bottom:144px\">\n<h2 class=\"wp-block-heading\">Za\u0161to odabrati nas?<\/h2>\n\n\n\n<div class=\"wp-block-columns is-layout-flex wp-container-core-columns-is-layout-29aadeec wp-block-columns-is-layout-flex\" style=\"margin-top:60px\">\n<div class=\"wp-block-column is-layout-flow wp-container-core-column-is-layout-6b73ce23 wp-block-column-is-layout-flow\">\n<figure class=\"wp-block-image size-large\"><img decoding=\"async\" src=\"https:\/\/vi-code.net\/wp-content\/themes\/astra\/inc\/assets\/images\/starter-content\/passionate.svg\" alt=\"\" class=\"wp-image-162\"\/><\/figure>\n\n\n\n<h3 class=\"wp-block-heading\" style=\"margin-top:16px\">Posve\u0107enost<\/h3>\n\n\n\n<p>Podignite svoje iskustvo uz na\u0161e neuporedivo posve\u0107enje inovacijama i predanosti.<\/p>\n<\/div>\n\n\n\n<div class=\"wp-block-column is-layout-flow wp-container-core-column-is-layout-6b73ce23 wp-block-column-is-layout-flow\">\n<figure class=\"wp-block-image size-large\"><img decoding=\"async\" src=\"https:\/\/vi-code.net\/wp-content\/themes\/astra\/inc\/assets\/images\/starter-content\/professional.svg\" alt=\"\" class=\"wp-image-163\"\/><\/figure>\n\n\n\n<h3 class=\"wp-block-heading\" style=\"margin-top:16px\">Profesionalnost<\/h3>\n\n\n\n<p>Birajte profesionalnu izvrsnost za neusporedivu kvalitetu i preciznost u svakoj usluzi.<\/p>\n<\/div>\n\n\n\n<div class=\"wp-block-column is-layout-flow wp-container-core-column-is-layout-6b73ce23 wp-block-column-is-layout-flow\">\n<figure class=\"wp-block-image size-large\"><img decoding=\"async\" src=\"https:\/\/vi-code.net\/wp-content\/themes\/astra\/inc\/assets\/images\/starter-content\/support.svg\" alt=\"\" class=\"wp-image-164\"\/><\/figure>\n\n\n\n<h3 class=\"wp-block-heading\" style=\"margin-top:16px\">Podr\u0161ka<\/h3>\n\n\n\n<p>Pouzdana podr\u0161ka, izuzetna rje\u0161enja: Odaberite nas za neusporedivu podr\u0161ku na va\u0161em putu ka uspjehu.<\/p>\n<\/div>\n<\/div>\n<\/div>\n\n\n\n<div class=\"wp-block-group alignfull has-vivid-cyan-blue-background-color has-background is-layout-constrained wp-container-core-group-is-layout-cfcca693 wp-block-group-is-layout-constrained\" id=\"contact\" style=\"padding-top:104px;padding-bottom:104px\">\n<h3 class=\"wp-block-heading has-text-align-center has-text-color\" style=\"color:#ffffff\">Pove\u017eite se s povjerenjem: Obratite nam se za upite, suradnje i iznimnu korisni\u010dku podr\u0161ku.<\/h3>\n\n\n\n<div class=\"wp-block-buttons alignwide is-horizontal is-content-justification-center is-layout-flex wp-container-core-buttons-is-layout-bba8380a wp-block-buttons-is-layout-flex\" style=\"margin-top:50px\">\n<div class=\"wp-block-button has-custom-width wp-block-button__width-50 has-custom-font-size has-medium-font-size\"><a class=\"wp-block-button__link wp-element-button\" href=\"https:\/\/vi-code.net\/bs\/contact-us\/\" style=\"padding-top:var(--wp--preset--spacing--40);padding-right:0;padding-bottom:var(--wp--preset--spacing--40);padding-left:0\" rel=\"\">Kontaktirajte nas!<\/a><\/div>\n<\/div>\n<\/div>\n\n\n\n<div class=\"wp-block-uagb-container uagb-block-5d450c05 alignfull uagb-is-root-container\"><div class=\"uagb-container-inner-blocks-wrap\">\n<div class=\"wp-block-uagb-container uagb-block-8783babf\">\n<div class=\"wp-block-uagb-info-box uagb-block-cdd924bb uagb-infobox__content-wrap  uagb-infobox-icon-above-title uagb-infobox-image-valign-top\"><div class=\"uagb-ifb-content\"><div class=\"uagb-ifb-icon-wrap\"><div class=\"uagb-iconbox-icon-wrap uagb-infobox-shape-circle\"><svg xmlns=\"https:\/\/www.w3.org\/2000\/svg\" viewbox=\"0 0 512 512\"><path d=\"M464 64C490.5 64 512 85.49 512 112C512 127.1 504.9 141.3 492.8 150.4L275.2 313.6C263.8 322.1 248.2 322.1 236.8 313.6L19.2 150.4C7.113 141.3 0 127.1 0 112C0 85.49 21.49 64 48 64H464zM217.6 339.2C240.4 356.3 271.6 356.3 294.4 339.2L512 176V384C512 419.3 483.3 448 448 448H64C28.65 448 0 419.3 0 384V176L217.6 339.2z\"><\/path><\/svg><\/div><\/div><div class=\"uagb-ifb-title-wrap\"><\/div><p class=\"uagb-ifb-desc\">contactus@vi-code.net<\/p><\/div><\/div>\n<\/div>\n\n\n\n<div class=\"wp-block-uagb-container uagb-block-6f7fb4ed\">\n<div class=\"wp-block-uagb-info-box uagb-block-27220ad1 uagb-infobox__content-wrap  uagb-infobox-icon-above-title uagb-infobox-image-valign-top\"><div class=\"uagb-ifb-content\"><div class=\"uagb-ifb-icon-wrap\"><div class=\"uagb-iconbox-icon-wrap uagb-infobox-shape-circle\"><svg xmlns=\"https:\/\/www.w3.org\/2000\/svg\" viewbox=\"0 0 512 512\"><path d=\"M511.2 387l-23.25 100.8c-3.266 14.25-15.79 24.22-30.46 24.22C205.2 512 0 306.8 0 54.5c0-14.66 9.969-27.2 24.22-30.45l100.8-23.25C139.7-2.602 154.7 5.018 160.8 18.92l46.52 108.5c5.438 12.78 1.77 27.67-8.98 36.45L144.5 207.1c33.98 69.22 90.26 125.5 159.5 159.5l44.08-53.8c8.688-10.78 23.69-14.51 36.47-8.975l108.5 46.51C506.1 357.2 514.6 372.4 511.2 387z\"><\/path><\/svg><\/div><\/div><div class=\"uagb-ifb-title-wrap\"><\/div><p class=\"uagb-ifb-desc\"> +38761853279<\/p><\/div><\/div>\n<\/div>\n\n\n\n<div class=\"wp-block-uagb-container uagb-block-5d1cbf39\">\n<div class=\"wp-block-group is-layout-constrained wp-block-group-is-layout-constrained\">\n<div class=\"wp-block-columns is-layout-flex wp-container-core-columns-is-layout-28f84493 wp-block-columns-is-layout-flex\">\n<div class=\"wp-block-column is-layout-flow wp-block-column-is-layout-flow\" style=\"flex-basis:100%\">\n<div class=\"wp-block-group is-layout-constrained wp-block-group-is-layout-constrained\">\n<div class=\"wp-block-uagb-info-box uagb-block-940ebcfe uagb-infobox__content-wrap  uagb-infobox-icon-above-title uagb-infobox-image-valign-top\"><div class=\"uagb-ifb-content\"><div class=\"uagb-ifb-icon-wrap\"><div class=\"uagb-iconbox-icon-wrap uagb-infobox-shape-circle\"><svg xmlns=\"https:\/\/www.w3.org\/2000\/svg\" viewbox=\"0 0 384 512\"><path d=\"M168.3 499.2C116.1 435 0 279.4 0 192C0 85.96 85.96 0 192 0C298 0 384 85.96 384 192C384 279.4 267 435 215.7 499.2C203.4 514.5 180.6 514.5 168.3 499.2H168.3zM192 256C227.3 256 256 227.3 256 192C256 156.7 227.3 128 192 128C156.7 128 128 156.7 128 192C128 227.3 156.7 256 192 256z\"><\/path><\/svg><\/div><\/div><div class=\"uagb-ifb-title-wrap\"><\/div><p class=\"uagb-ifb-desc\"><a href=\"https:\/\/www.google.com\/maps\/place\/Vizija+Visoko\/@43.9905865,18.179782,17z\/data=!3m1!4b1!4m6!3m5!1s0x475f2f529a2c0799:0x484b87fabd2dd95a!8m2!3d43.9905827!4d18.1823569!16s%2Fg%2F11n83w_pvl?entry=ttu\" data-type=\"link\" data-id=\"https:\/\/www.google.com\/maps\/place\/Vizija+Visoko\/@43.9905865,18.179782,17z\/data=!3m1!4b1!4m6!3m5!1s0x475f2f529a2c0799:0x484b87fabd2dd95a!8m2!3d43.9905827!4d18.1823569!16s%2Fg%2F11n83w_pvl?entry=ttu\" target=\"_blank\" rel=\"noreferrer noopener\"><mark style=\"background-color:rgba(0, 0, 0, 0)\" class=\"has-inline-color has-ast-global-color-3-color\"><em>PC \u201cVIZIJA\u201d, II SPRAT<\/em><br><em>Alije Izetbegovi\u0107a 1<\/em><br><em>71300 Visoko<\/em><\/mark><\/a><\/p><\/div><\/div>\n<\/div>\n<\/div>\n<\/div>\n<\/div>\n<\/div>\n<\/div><\/div>","protected":false},"excerpt":{"rendered":"<p>ARDUINO STEP-BY-STEP COURSE Software testing Precision Unleashed: Elevate Your Software&#8217;s Performance with Our Cutting-Edge Software Testing Services! Software development Crafting Tomorrow&#8217;s Solutions Today: Unleashing the Power of Innovative Software Development Services at Our Company! Desk rental Boost Your Productivity: Discover Seamless Desk Rental Solutions Tailored Just for You! Courses Empower Your Journey: Explore Our Diverse &hellip;<\/p>\n<p class=\"read-more\"> <a class=\"\" href=\"https:\/\/vi-code.net\/bs\/\"> <span class=\"screen-reader-text\">Po\u010detna<\/span> Read More &raquo;<\/a><\/p>","protected":false},"author":1,"featured_media":0,"parent":0,"menu_order":0,"comment_status":"closed","ping_status":"closed","template":"","meta":{"_uag_custom_page_level_css":"","site-sidebar-layout":"no-sidebar","site-content-layout":"plain-container","ast-site-content-layout":"","site-content-style":"default","site-sidebar-style":"default","ast-global-header-display":"","ast-banner-title-visibility":"","ast-main-header-display":"","ast-hfb-above-header-display":"","ast-hfb-below-header-display":"","ast-hfb-mobile-header-display":"","site-post-title":"disabled","ast-breadcrumbs-content":"","ast-featured-img":"","footer-sml-layout":"","theme-transparent-header-meta":"enabled","adv-header-id-meta":"","stick-header-meta":"","header-above-stick-meta":"","header-main-stick-meta":"","header-below-stick-meta":"","astra-migrate-meta-layouts":"default","ast-page-background-enabled":"default","ast-page-background-meta":{"desktop":{"background-color":"var(--ast-global-color-4)","background-image":"","background-repeat":"repeat","background-position":"center center","background-size":"auto","background-attachment":"scroll","background-type":"","background-media":"","overlay-type":"","overlay-color":"","overlay-gradient":""},"tablet":{"background-color":"","background-image":"","background-repeat":"repeat","background-position":"center center","background-size":"auto","background-attachment":"scroll","background-type":"","background-media":"","overlay-type":"","overlay-color":"","overlay-gradient":""},"mobile":{"background-color":"","background-image":"","background-repeat":"repeat","background-position":"center center","background-size":"auto","background-attachment":"scroll","background-type":"","background-media":"","overlay-type":"","overlay-color":"","overlay-gradient":""}},"ast-content-background-meta":{"desktop":{"background-color":"var(--ast-global-color-5)","background-image":"","background-repeat":"repeat","background-position":"center center","background-size":"auto","background-attachment":"scroll","background-type":"","background-media":"","overlay-type":"","overlay-color":"","overlay-gradient":""},"tablet":{"background-color":"var(--ast-global-color-5)","background-image":"","background-repeat":"repeat","background-position":"center center","background-size":"auto","background-attachment":"scroll","background-type":"","background-media":"","overlay-type":"","overlay-color":"","overlay-gradient":""},"mobile":{"background-color":"var(--ast-global-color-5)","background-image":"","background-repeat":"repeat","background-position":"center center","background-size":"auto","background-attachment":"scroll","background-type":"","background-media":"","overlay-type":"","overlay-color":"","overlay-gradient":""}},"footnotes":""},"class_list":["post-21","page","type-page","status-publish","hentry"],"uagb_featured_image_src":{"full":false,"thumbnail":false,"medium":false,"medium_large":false,"large":false,"1536x1536":false,"2048x2048":false,"trp-custom-language-flag":false},"uagb_author_info":{"display_name":"admin_vicode22","author_link":"https:\/\/vi-code.net\/bs\/author\/admin_vicode22\/"},"uagb_comment_info":0,"uagb_excerpt":"ARDUINO STEP-BY-STEP COURSE Software testing Precision Unleashed: Elevate Your Software&#8217;s Performance with Our Cutting-Edge Software Testing Services! Software development Crafting Tomorrow&#8217;s Solutions Today: Unleashing the Power of Innovative Software Development Services at Our Company! Desk rental Boost Your Productivity: Discover Seamless Desk Rental Solutions Tailored Just for You! Courses Empower Your Journey: Explore Our Diverse&hellip;","_links":{"self":[{"href":"https:\/\/vi-code.net\/bs\/wp-json\/wp\/v2\/pages\/21","targetHints":{"allow":["GET"]}}],"collection":[{"href":"https:\/\/vi-code.net\/bs\/wp-json\/wp\/v2\/pages"}],"about":[{"href":"https:\/\/vi-code.net\/bs\/wp-json\/wp\/v2\/types\/page"}],"author":[{"embeddable":true,"href":"https:\/\/vi-code.net\/bs\/wp-json\/wp\/v2\/users\/1"}],"replies":[{"embeddable":true,"href":"https:\/\/vi-code.net\/bs\/wp-json\/wp\/v2\/comments?post=21"}],"version-history":[{"count":86,"href":"https:\/\/vi-code.net\/bs\/wp-json\/wp\/v2\/pages\/21\/revisions"}],"predecessor-version":[{"id":354,"href":"https:\/\/vi-code.net\/bs\/wp-json\/wp\/v2\/pages\/21\/revisions\/354"}],"wp:attachment":[{"href":"https:\/\/vi-code.net\/bs\/wp-json\/wp\/v2\/media?parent=21"}],"curies":[{"name":"wp","href":"https:\/\/api.w.org\/{rel}","templated":true}]}}