{"id":156,"date":"2024-01-04T12:10:26","date_gmt":"2024-01-04T12:10:26","guid":{"rendered":"https:\/\/vi-code.net\/?page_id=156"},"modified":"2024-01-08T13:19:05","modified_gmt":"2024-01-08T13:19:05","slug":"software-development","status":"publish","type":"page","link":"https:\/\/vi-code.net\/bs\/software-development\/","title":{"rendered":"Razvoj softvera"},"content":{"rendered":"<div class=\"wp-block-cover alignfull is-light\" style=\"min-height:720px;aspect-ratio:unset;\"><span aria-hidden=\"true\" class=\"wp-block-cover__background has-cyan-bluish-gray-background-color has-background-dim\"><\/span><img fetchpriority=\"high\" decoding=\"async\" width=\"2560\" height=\"1440\" class=\"wp-block-cover__image-background wp-image-37\" alt=\"\" src=\"https:\/\/vi-code.net\/wp-content\/uploads\/2023\/12\/Abstract-Blue-Gradient-Transparent-Layer-AI-Generated-4K-Wallpaper-scaled.jpg\" data-object-fit=\"cover\" srcset=\"https:\/\/vi-code.net\/wp-content\/uploads\/2023\/12\/Abstract-Blue-Gradient-Transparent-Layer-AI-Generated-4K-Wallpaper-scaled.jpg 2560w, https:\/\/vi-code.net\/wp-content\/uploads\/2023\/12\/Abstract-Blue-Gradient-Transparent-Layer-AI-Generated-4K-Wallpaper-300x169.jpg 300w, https:\/\/vi-code.net\/wp-content\/uploads\/2023\/12\/Abstract-Blue-Gradient-Transparent-Layer-AI-Generated-4K-Wallpaper-1024x576.jpg 1024w, https:\/\/vi-code.net\/wp-content\/uploads\/2023\/12\/Abstract-Blue-Gradient-Transparent-Layer-AI-Generated-4K-Wallpaper-768x432.jpg 768w, https:\/\/vi-code.net\/wp-content\/uploads\/2023\/12\/Abstract-Blue-Gradient-Transparent-Layer-AI-Generated-4K-Wallpaper-1536x864.jpg 1536w, https:\/\/vi-code.net\/wp-content\/uploads\/2023\/12\/Abstract-Blue-Gradient-Transparent-Layer-AI-Generated-4K-Wallpaper-2048x1152.jpg 2048w\" sizes=\"(max-width: 2560px) 100vw, 2560px\" \/><div class=\"wp-block-cover__inner-container is-layout-flow wp-block-cover-is-layout-flow\">\n<div class=\"inherit-container-width wp-block-group alignwide is-layout-constrained wp-block-group-is-layout-constrained\">\n<div class=\"wp-block-media-text alignwide has-media-on-the-right is-stacked-on-mobile is-vertically-aligned-center\" style=\"grid-template-columns:auto 43%\"><div class=\"wp-block-media-text__content\">\n<h2 class=\"wp-block-heading has-text-align-left has-white-color has-text-color\">Razvoj softvera<\/h2>\n\n\n\n<p>Innovate, Code, Succeed: Unleashing Excellence Through Expert Software Development Services<\/p>\n\n\n\n<div class=\"wp-block-buttons is-layout-flex wp-block-buttons-is-layout-flex\">\n<div class=\"wp-block-button is-style-fill\"><a class=\"wp-block-button__link has-white-color has-luminous-vivid-amber-background-color has-text-color has-background has-link-color wp-element-button\" href=\"https:\/\/vi-code.net\/bs\/contact-us\/\">Pove\u017eimo se<\/a><\/div>\n<\/div>\n<\/div><figure class=\"wp-block-media-text__media\"><img decoding=\"async\" width=\"512\" height=\"512\" src=\"https:\/\/vi-code.net\/wp-content\/uploads\/2023\/12\/8759087-1.png\" alt=\"\" class=\"wp-image-65 size-full\" srcset=\"https:\/\/vi-code.net\/wp-content\/uploads\/2023\/12\/8759087-1.png 512w, https:\/\/vi-code.net\/wp-content\/uploads\/2023\/12\/8759087-1-300x300.png 300w, https:\/\/vi-code.net\/wp-content\/uploads\/2023\/12\/8759087-1-150x150.png 150w\" sizes=\"(max-width: 512px) 100vw, 512px\" \/><\/figure><\/div>\n<\/div>\n<\/div><\/div>\n\n\n\n<div class=\"wp-block-group alignfull has-ast-global-color-5-background-color has-background is-layout-constrained wp-container-core-group-is-layout-94d206d0 wp-block-group-is-layout-constrained\" id=\"about\" style=\"padding-top:143px;padding-bottom:144px\">\n<div class=\"wp-block-media-text has-media-on-the-right is-stacked-on-mobile is-vertically-aligned-center\"><div class=\"wp-block-media-text__content\">\n<div class=\"inherit-container-width wp-block-group is-layout-constrained wp-container-core-group-is-layout-47ce07ec wp-block-group-is-layout-constrained\" style=\"padding-right:80px\">\n<h2 class=\"wp-block-heading\" style=\"padding-right:40px\">Razvoj softvera<\/h2>\n\n\n\n<p>U na\u0161oj kompaniji, usluga razvoja softvera vo\u0111ena je predano\u0161\u0107u pru\u017eanju inovativnih i prilago\u0111enih rje\u0161enja koja se uskla\u0111uju s jedinstvenim potrebama va\u0161eg poslovanja. <\/p>\n\n\n\n<p>Na\u0161 iskusni tim programera izvrsno se snalazi u kreiranju visokokvalitetnih, skalabilnih i efikasnih softverskih aplikacija. Od konceptualizacije do implementacije, sura\u0111ujemo s na\u0161im klijentima kako bismo osigurali da svaki aspekt softvera odra\u017eava njihovu viziju i ciljeve. Bez obzira trebate li razvoj web stranica, mobilnih aplikacija ili prilago\u0111enih softverskih rje\u0161enja, koristimo najnovije tehnologije i najbolje prakse industrije kako bismo stvorili sna\u017ene i budu\u0107nosti odoljevaju\u0107e aplikacije. Na\u0161 cilj nije samo zadovoljiti va\u0161a o\u010dekivanja, ve\u0107 ih i nadma\u0161iti, pru\u017eaju\u0107i vam konkurentske prednosti u stalno mijenjaju\u0107em digitalnom okru\u017eenju. Odaberite na\u0161u uslugu razvoja softvera za transformacijsko putovanje koje pretvara va\u0161e ideje u sna\u017ena, funkcionalna i korisni\u010dki prijateljska softverska rje\u0161enja.<\/p>\n<\/div>\n<\/div><figure class=\"wp-block-media-text__media\"><img decoding=\"async\" width=\"1024\" height=\"778\" src=\"https:\/\/vi-code.net\/wp-content\/uploads\/2024\/01\/standard-quality-control-concept-m_23-2150041863-1-1024x778.jpg\" alt=\"\" class=\"wp-image-153 size-full\" srcset=\"https:\/\/vi-code.net\/wp-content\/uploads\/2024\/01\/standard-quality-control-concept-m_23-2150041863-1-1024x778.jpg 1024w, https:\/\/vi-code.net\/wp-content\/uploads\/2024\/01\/standard-quality-control-concept-m_23-2150041863-1-300x228.jpg 300w, https:\/\/vi-code.net\/wp-content\/uploads\/2024\/01\/standard-quality-control-concept-m_23-2150041863-1-768x583.jpg 768w, https:\/\/vi-code.net\/wp-content\/uploads\/2024\/01\/standard-quality-control-concept-m_23-2150041863-1-16x12.jpg 16w, https:\/\/vi-code.net\/wp-content\/uploads\/2024\/01\/standard-quality-control-concept-m_23-2150041863-1.jpg 1380w\" sizes=\"(max-width: 1024px) 100vw, 1024px\" \/><\/figure><\/div>\n<\/div>","protected":false},"excerpt":{"rendered":"<p>Software development In our company, our software development service is driven by a commitment to delivering innovative and tailored solutions that align with your unique business needs. Our experienced team of developers excels in crafting high-quality, scalable, and efficient software applications. From conceptualization to deployment, we work collaboratively with our clients to ensure that every &hellip;<\/p>\n<p class=\"read-more\"> <a class=\"\" href=\"https:\/\/vi-code.net\/bs\/software-development\/\"> <span class=\"screen-reader-text\">Razvoj softvera<\/span> Read More &raquo;<\/a><\/p>","protected":false},"author":1,"featured_media":0,"parent":0,"menu_order":0,"comment_status":"closed","ping_status":"closed","template":"","meta":{"_uag_custom_page_level_css":"","site-sidebar-layout":"default","site-content-layout":"","ast-site-content-layout":"","site-content-style":"default","site-sidebar-style":"default","ast-global-header-display":"","ast-banner-title-visibility":"","ast-main-header-display":"","ast-hfb-above-header-display":"","ast-hfb-below-header-display":"","ast-hfb-mobile-header-display":"","site-post-title":"disabled","ast-breadcrumbs-content":"","ast-featured-img":"","footer-sml-layout":"","theme-transparent-header-meta":"","adv-header-id-meta":"","stick-header-meta":"","header-above-stick-meta":"","header-main-stick-meta":"","header-below-stick-meta":"","astra-migrate-meta-layouts":"default","ast-page-background-enabled":"default","ast-page-background-meta":{"desktop":{"background-color":"var(--ast-global-color-4)","background-image":"","background-repeat":"repeat","background-position":"center center","background-size":"auto","background-attachment":"scroll","background-type":"","background-media":"","overlay-type":"","overlay-color":"","overlay-gradient":""},"tablet":{"background-color":"","background-image":"","background-repeat":"repeat","background-position":"center center","background-size":"auto","background-attachment":"scroll","background-type":"","background-media":"","overlay-type":"","overlay-color":"","overlay-gradient":""},"mobile":{"background-color":"","background-image":"","background-repeat":"repeat","background-position":"center center","background-size":"auto","background-attachment":"scroll","background-type":"","background-media":"","overlay-type":"","overlay-color":"","overlay-gradient":""}},"ast-content-background-meta":{"desktop":{"background-color":"var(--ast-global-color-5)","background-image":"","background-repeat":"repeat","background-position":"center center","background-size":"auto","background-attachment":"scroll","background-type":"","background-media":"","overlay-type":"","overlay-color":"","overlay-gradient":""},"tablet":{"background-color":"var(--ast-global-color-5)","background-image":"","background-repeat":"repeat","background-position":"center center","background-size":"auto","background-attachment":"scroll","background-type":"","background-media":"","overlay-type":"","overlay-color":"","overlay-gradient":""},"mobile":{"background-color":"var(--ast-global-color-5)","background-image":"","background-repeat":"repeat","background-position":"center center","background-size":"auto","background-attachment":"scroll","background-type":"","background-media":"","overlay-type":"","overlay-color":"","overlay-gradient":""}},"footnotes":""},"class_list":["post-156","page","type-page","status-publish","hentry"],"uagb_featured_image_src":{"full":false,"thumbnail":false,"medium":false,"medium_large":false,"large":false,"1536x1536":false,"2048x2048":false,"trp-custom-language-flag":false},"uagb_author_info":{"display_name":"admin_vicode22","author_link":"https:\/\/vi-code.net\/bs\/author\/admin_vicode22\/"},"uagb_comment_info":0,"uagb_excerpt":"Software development In our company, our software development service is driven by a commitment to delivering innovative and tailored solutions that align with your unique business needs. Our experienced team of developers excels in crafting high-quality, scalable, and efficient software applications. From conceptualization to deployment, we work collaboratively with our clients to ensure that every&hellip;","_links":{"self":[{"href":"https:\/\/vi-code.net\/bs\/wp-json\/wp\/v2\/pages\/156","targetHints":{"allow":["GET"]}}],"collection":[{"href":"https:\/\/vi-code.net\/bs\/wp-json\/wp\/v2\/pages"}],"about":[{"href":"https:\/\/vi-code.net\/bs\/wp-json\/wp\/v2\/types\/page"}],"author":[{"embeddable":true,"href":"https:\/\/vi-code.net\/bs\/wp-json\/wp\/v2\/users\/1"}],"replies":[{"embeddable":true,"href":"https:\/\/vi-code.net\/bs\/wp-json\/wp\/v2\/comments?post=156"}],"version-history":[{"count":5,"href":"https:\/\/vi-code.net\/bs\/wp-json\/wp\/v2\/pages\/156\/revisions"}],"predecessor-version":[{"id":201,"href":"https:\/\/vi-code.net\/bs\/wp-json\/wp\/v2\/pages\/156\/revisions\/201"}],"wp:attachment":[{"href":"https:\/\/vi-code.net\/bs\/wp-json\/wp\/v2\/media?parent=156"}],"curies":[{"name":"wp","href":"https:\/\/api.w.org\/{rel}","templated":true}]}}