{"id":152,"date":"2024-01-04T10:31:45","date_gmt":"2024-01-04T10:31:45","guid":{"rendered":"https:\/\/vi-code.net\/?page_id=152"},"modified":"2024-01-08T13:18:48","modified_gmt":"2024-01-08T13:18:48","slug":"software-testing","status":"publish","type":"page","link":"https:\/\/vi-code.net\/bs\/software-testing\/","title":{"rendered":"Testiranje softvera"},"content":{"rendered":"<div class=\"wp-block-cover alignfull is-light\" style=\"min-height:720px;aspect-ratio:unset;\"><span aria-hidden=\"true\" class=\"wp-block-cover__background has-pale-cyan-blue-background-color has-background-dim\"><\/span><img fetchpriority=\"high\" decoding=\"async\" width=\"2560\" height=\"1440\" class=\"wp-block-cover__image-background wp-image-37\" alt=\"\" src=\"https:\/\/vi-code.net\/wp-content\/uploads\/2023\/12\/Abstract-Blue-Gradient-Transparent-Layer-AI-Generated-4K-Wallpaper-scaled.jpg\" data-object-fit=\"cover\" srcset=\"https:\/\/vi-code.net\/wp-content\/uploads\/2023\/12\/Abstract-Blue-Gradient-Transparent-Layer-AI-Generated-4K-Wallpaper-scaled.jpg 2560w, https:\/\/vi-code.net\/wp-content\/uploads\/2023\/12\/Abstract-Blue-Gradient-Transparent-Layer-AI-Generated-4K-Wallpaper-300x169.jpg 300w, https:\/\/vi-code.net\/wp-content\/uploads\/2023\/12\/Abstract-Blue-Gradient-Transparent-Layer-AI-Generated-4K-Wallpaper-1024x576.jpg 1024w, https:\/\/vi-code.net\/wp-content\/uploads\/2023\/12\/Abstract-Blue-Gradient-Transparent-Layer-AI-Generated-4K-Wallpaper-768x432.jpg 768w, https:\/\/vi-code.net\/wp-content\/uploads\/2023\/12\/Abstract-Blue-Gradient-Transparent-Layer-AI-Generated-4K-Wallpaper-1536x864.jpg 1536w, https:\/\/vi-code.net\/wp-content\/uploads\/2023\/12\/Abstract-Blue-Gradient-Transparent-Layer-AI-Generated-4K-Wallpaper-2048x1152.jpg 2048w\" sizes=\"(max-width: 2560px) 100vw, 2560px\" \/><div class=\"wp-block-cover__inner-container is-layout-flow wp-block-cover-is-layout-flow\">\n<div class=\"inherit-container-width wp-block-group alignwide is-layout-constrained wp-block-group-is-layout-constrained\">\n<div class=\"wp-block-media-text alignwide has-media-on-the-right is-stacked-on-mobile is-vertically-aligned-center\" style=\"grid-template-columns:auto 43%\"><div class=\"wp-block-media-text__content\">\n<h1 class=\"wp-block-heading has-text-align-left has-white-color has-text-color\">Testiranje softvera<\/h1>\n\n\n\n<p>Unaprijedite performanse va\u0161eg softvera uz na\u0161e vrhunske usluge testiranja najnovije generacije.<\/p>\n\n\n\n<div class=\"wp-block-buttons is-layout-flex wp-block-buttons-is-layout-flex\">\n<div class=\"wp-block-button is-style-fill\"><a class=\"wp-block-button__link has-white-color has-luminous-vivid-amber-background-color has-text-color has-background has-link-color wp-element-button\" href=\"https:\/\/vi-code.net\/bs\/contact-us\/\">Pove\u017eimo se<\/a><\/div>\n<\/div>\n<\/div><figure class=\"wp-block-media-text__media\"><img decoding=\"async\" width=\"512\" height=\"512\" src=\"https:\/\/vi-code.net\/wp-content\/uploads\/2023\/12\/8575873.png\" alt=\"\" class=\"wp-image-61 size-full\" srcset=\"https:\/\/vi-code.net\/wp-content\/uploads\/2023\/12\/8575873.png 512w, https:\/\/vi-code.net\/wp-content\/uploads\/2023\/12\/8575873-300x300.png 300w, https:\/\/vi-code.net\/wp-content\/uploads\/2023\/12\/8575873-150x150.png 150w\" sizes=\"(max-width: 512px) 100vw, 512px\" \/><\/figure><\/div>\n<\/div>\n<\/div><\/div>\n\n\n\n<div class=\"wp-block-group alignfull has-ast-global-color-5-background-color has-background is-layout-constrained wp-container-core-group-is-layout-94d206d0 wp-block-group-is-layout-constrained\" id=\"about\" style=\"padding-top:143px;padding-bottom:144px\">\n<div class=\"wp-block-media-text has-media-on-the-right is-stacked-on-mobile is-vertically-aligned-center\"><div class=\"wp-block-media-text__content\">\n<div class=\"inherit-container-width wp-block-group is-layout-constrained wp-container-core-group-is-layout-47ce07ec wp-block-group-is-layout-constrained\" style=\"padding-right:80px\">\n<h2 class=\"wp-block-heading\" style=\"padding-right:40px\">Testiranje softvera<\/h2>\n\n\n\n<p>U na\u0161oj kompaniji, usluga testiranja softvera pa\u017eljivo je osmi\u0161ljena kako bi se osigurala besprijekorna funkcionalnost i pouzdanost va\u0161ih softverskih aplikacija. Razumijemo klju\u010dnu ulogu koju osiguranje kvaliteta ima u uspjehu va\u0161ih digitalnih proizvoda. <\/p>\n\n\n\n<p>Na\u0161 posve\u0107eni tim iskusnih testera primjenjuje najbolje prakse industrije i najsuvremenije alate kako bi provodio temeljita testiranja, identificirao i rje\u0161avao potencijalne probleme u svakoj fazi razvoja. Bez obzira radi li se o funkcionalnom testiranju, testiranju performansi, sigurnosnom testiranju ili bilo kojem drugom aspektu, prioritet nam je isporu\u010diti proizvod koji ne samo da zadovoljava, ve\u0107 i nadma\u0161uje va\u0161a o\u010dekivanja. S na\u0161om uslugom testiranja softvera, mo\u017eete biti sigurni da \u0107e va\u0161 softver raditi najbolje \u0161to mo\u017ee, pru\u017eaju\u0107i superioran korisni\u010dki do\u017eivljaj i doprinose\u0107i ukupnom uspjehu va\u0161ih digitalnih poduhvata.<\/p>\n<\/div>\n<\/div><figure class=\"wp-block-media-text__media\"><img decoding=\"async\" width=\"1024\" height=\"778\" src=\"https:\/\/vi-code.net\/wp-content\/uploads\/2024\/01\/standard-quality-control-concept-m_23-2150041863-1-1024x778.jpg\" alt=\"\" class=\"wp-image-153 size-full\" srcset=\"https:\/\/vi-code.net\/wp-content\/uploads\/2024\/01\/standard-quality-control-concept-m_23-2150041863-1-1024x778.jpg 1024w, https:\/\/vi-code.net\/wp-content\/uploads\/2024\/01\/standard-quality-control-concept-m_23-2150041863-1-300x228.jpg 300w, https:\/\/vi-code.net\/wp-content\/uploads\/2024\/01\/standard-quality-control-concept-m_23-2150041863-1-768x583.jpg 768w, https:\/\/vi-code.net\/wp-content\/uploads\/2024\/01\/standard-quality-control-concept-m_23-2150041863-1-16x12.jpg 16w, https:\/\/vi-code.net\/wp-content\/uploads\/2024\/01\/standard-quality-control-concept-m_23-2150041863-1.jpg 1380w\" sizes=\"(max-width: 1024px) 100vw, 1024px\" \/><\/figure><\/div>\n<\/div>","protected":false},"excerpt":{"rendered":"<p>Software testing At our company, our software testing service is meticulously designed to ensure the seamless functionality and reliability of your software applications. We understand the critical role that quality assurance plays in the success of your digital products. Our dedicated team of experienced testers employs industry-best practices and cutting-edge tools to conduct thorough testing, &hellip;<\/p>\n<p class=\"read-more\"> <a class=\"\" href=\"https:\/\/vi-code.net\/bs\/software-testing\/\"> <span class=\"screen-reader-text\">Testiranje softvera<\/span> Read More &raquo;<\/a><\/p>","protected":false},"author":1,"featured_media":0,"parent":0,"menu_order":0,"comment_status":"closed","ping_status":"closed","template":"","meta":{"_uag_custom_page_level_css":"","site-sidebar-layout":"default","site-content-layout":"","ast-site-content-layout":"","site-content-style":"default","site-sidebar-style":"default","ast-global-header-display":"","ast-banner-title-visibility":"","ast-main-header-display":"","ast-hfb-above-header-display":"","ast-hfb-below-header-display":"","ast-hfb-mobile-header-display":"","site-post-title":"disabled","ast-breadcrumbs-content":"","ast-featured-img":"","footer-sml-layout":"","theme-transparent-header-meta":"","adv-header-id-meta":"","stick-header-meta":"","header-above-stick-meta":"","header-main-stick-meta":"","header-below-stick-meta":"","astra-migrate-meta-layouts":"default","ast-page-background-enabled":"default","ast-page-background-meta":{"desktop":{"background-color":"var(--ast-global-color-4)","background-image":"","background-repeat":"repeat","background-position":"center center","background-size":"auto","background-attachment":"scroll","background-type":"","background-media":"","overlay-type":"","overlay-color":"","overlay-gradient":""},"tablet":{"background-color":"","background-image":"","background-repeat":"repeat","background-position":"center center","background-size":"auto","background-attachment":"scroll","background-type":"","background-media":"","overlay-type":"","overlay-color":"","overlay-gradient":""},"mobile":{"background-color":"","background-image":"","background-repeat":"repeat","background-position":"center center","background-size":"auto","background-attachment":"scroll","background-type":"","background-media":"","overlay-type":"","overlay-color":"","overlay-gradient":""}},"ast-content-background-meta":{"desktop":{"background-color":"var(--ast-global-color-5)","background-image":"","background-repeat":"repeat","background-position":"center center","background-size":"auto","background-attachment":"scroll","background-type":"","background-media":"","overlay-type":"","overlay-color":"","overlay-gradient":""},"tablet":{"background-color":"var(--ast-global-color-5)","background-image":"","background-repeat":"repeat","background-position":"center center","background-size":"auto","background-attachment":"scroll","background-type":"","background-media":"","overlay-type":"","overlay-color":"","overlay-gradient":""},"mobile":{"background-color":"var(--ast-global-color-5)","background-image":"","background-repeat":"repeat","background-position":"center center","background-size":"auto","background-attachment":"scroll","background-type":"","background-media":"","overlay-type":"","overlay-color":"","overlay-gradient":""}},"footnotes":""},"class_list":["post-152","page","type-page","status-publish","hentry"],"uagb_featured_image_src":{"full":false,"thumbnail":false,"medium":false,"medium_large":false,"large":false,"1536x1536":false,"2048x2048":false,"trp-custom-language-flag":false},"uagb_author_info":{"display_name":"admin_vicode22","author_link":"https:\/\/vi-code.net\/bs\/author\/admin_vicode22\/"},"uagb_comment_info":0,"uagb_excerpt":"Software testing At our company, our software testing service is meticulously designed to ensure the seamless functionality and reliability of your software applications. We understand the critical role that quality assurance plays in the success of your digital products. Our dedicated team of experienced testers employs industry-best practices and cutting-edge tools to conduct thorough testing,&hellip;","_links":{"self":[{"href":"https:\/\/vi-code.net\/bs\/wp-json\/wp\/v2\/pages\/152","targetHints":{"allow":["GET"]}}],"collection":[{"href":"https:\/\/vi-code.net\/bs\/wp-json\/wp\/v2\/pages"}],"about":[{"href":"https:\/\/vi-code.net\/bs\/wp-json\/wp\/v2\/types\/page"}],"author":[{"embeddable":true,"href":"https:\/\/vi-code.net\/bs\/wp-json\/wp\/v2\/users\/1"}],"replies":[{"embeddable":true,"href":"https:\/\/vi-code.net\/bs\/wp-json\/wp\/v2\/comments?post=152"}],"version-history":[{"count":6,"href":"https:\/\/vi-code.net\/bs\/wp-json\/wp\/v2\/pages\/152\/revisions"}],"predecessor-version":[{"id":200,"href":"https:\/\/vi-code.net\/bs\/wp-json\/wp\/v2\/pages\/152\/revisions\/200"}],"wp:attachment":[{"href":"https:\/\/vi-code.net\/bs\/wp-json\/wp\/v2\/media?parent=152"}],"curies":[{"name":"wp","href":"https:\/\/api.w.org\/{rel}","templated":true}]}}